{"id":335,"date":"2022-10-26T11:20:30","date_gmt":"2022-10-26T09:20:30","guid":{"rendered":"https:\/\/www.rasta.se\/ullared\/?page_id=335"},"modified":"2025-04-24T11:08:47","modified_gmt":"2025-04-24T09:08:47","slug":"dagens-ratt","status":"publish","type":"page","link":"https:\/\/www.rasta.se\/ullared\/dagens-ratt\/","title":{"rendered":"Dagens r\u00e4tt"},"content":{"rendered":"","protected":false},"excerpt":{"rendered":"","protected":false},"author":1,"featured_media":0,"parent":0,"menu_order":0,"comment_status":"closed","ping_status":"closed","template":"dagens-page.php","meta":{"_acf_changed":false,"footnotes":""},"class_list":["post-335","page","type-page","status-publish","hentry"],"acf":[],"yoast_head":"<!-- This site is optimized with the Yoast SEO plugin v26.9 - https:\/\/yoast.com\/product\/yoast-seo-wordpress\/ -->\n<title>Lunch vid Ullared- Rasta Ullared<\/title>\n<meta name=\"description\" content=\"Mitt i Ullareds k\u00f6pcentrum, vid ing\u00e5ngen till Gek\u00e5s ligger Rasta Ullared. P\u00e5 anl\u00e4ggningen finns en stor restaurang med uteservering.\" \/>\n<meta name=\"robots\" content=\"index, follow, max-snippet:-1, max-image-preview:large, max-video-preview:-1\" \/>\n<link rel=\"canonical\" href=\"https:\/\/www.rasta.se\/ullared\/dagens-ratt\/\" \/>\n<meta property=\"og:locale\" content=\"sv_SE\" \/>\n<meta property=\"og:type\" content=\"article\" \/>\n<meta property=\"og:title\" content=\"Lunch vid Ullared- Rasta Ullared\" \/>\n<meta property=\"og:description\" content=\"Mitt i Ullareds k\u00f6pcentrum, vid ing\u00e5ngen till Gek\u00e5s ligger Rasta Ullared. P\u00e5 anl\u00e4ggningen finns en stor restaurang med uteservering.\" \/>\n<meta property=\"og:url\" content=\"https:\/\/www.rasta.se\/ullared\/dagens-ratt\/\" \/>\n<meta property=\"og:site_name\" content=\"Rasta Ullared\" \/>\n<meta property=\"article:modified_time\" content=\"2025-04-24T09:08:47+00:00\" \/>\n<meta name=\"twitter:card\" content=\"summary_large_image\" \/>\n<script type=\"application\/ld+json\" class=\"yoast-schema-graph\">{\"@context\":\"https:\/\/schema.org\",\"@graph\":[{\"@type\":\"WebPage\",\"@id\":\"https:\/\/www.rasta.se\/ullared\/dagens-ratt\/\",\"url\":\"https:\/\/www.rasta.se\/ullared\/dagens-ratt\/\",\"name\":\"Lunch vid Ullared- Rasta Ullared\",\"isPartOf\":{\"@id\":\"https:\/\/www.rasta.se\/ullared\/#website\"},\"datePublished\":\"2022-10-26T09:20:30+00:00\",\"dateModified\":\"2025-04-24T09:08:47+00:00\",\"description\":\"Mitt i Ullareds k\u00f6pcentrum, vid ing\u00e5ngen till Gek\u00e5s ligger Rasta Ullared. P\u00e5 anl\u00e4ggningen finns en stor restaurang med uteservering.\",\"breadcrumb\":{\"@id\":\"https:\/\/www.rasta.se\/ullared\/dagens-ratt\/#breadcrumb\"},\"inLanguage\":\"sv-SE\",\"potentialAction\":[{\"@type\":\"ReadAction\",\"target\":[\"https:\/\/www.rasta.se\/ullared\/dagens-ratt\/\"]}]},{\"@type\":\"BreadcrumbList\",\"@id\":\"https:\/\/www.rasta.se\/ullared\/dagens-ratt\/#breadcrumb\",\"itemListElement\":[{\"@type\":\"ListItem\",\"position\":1,\"name\":\"Hem\",\"item\":\"https:\/\/www.rasta.se\/ullared\/\"},{\"@type\":\"ListItem\",\"position\":2,\"name\":\"Dagens r\u00e4tt\"}]},{\"@type\":\"WebSite\",\"@id\":\"https:\/\/www.rasta.se\/ullared\/#website\",\"url\":\"https:\/\/www.rasta.se\/ullared\/\",\"name\":\"Rasta Ullared\",\"description\":\"Restaurang i Ullared\",\"potentialAction\":[{\"@type\":\"SearchAction\",\"target\":{\"@type\":\"EntryPoint\",\"urlTemplate\":\"https:\/\/www.rasta.se\/ullared\/?s={search_term_string}\"},\"query-input\":{\"@type\":\"PropertyValueSpecification\",\"valueRequired\":true,\"valueName\":\"search_term_string\"}}],\"inLanguage\":\"sv-SE\"}]}<\/script>\n<!-- \/ Yoast SEO plugin. -->","yoast_head_json":{"title":"Lunch vid Ullared- Rasta Ullared","description":"Mitt i Ullareds k\u00f6pcentrum, vid ing\u00e5ngen till Gek\u00e5s ligger Rasta Ullared. P\u00e5 anl\u00e4ggningen finns en stor restaurang med uteservering.","robots":{"index":"index","follow":"follow","max-snippet":"max-snippet:-1","max-image-preview":"max-image-preview:large","max-video-preview":"max-video-preview:-1"},"canonical":"https:\/\/www.rasta.se\/ullared\/dagens-ratt\/","og_locale":"sv_SE","og_type":"article","og_title":"Lunch vid Ullared- Rasta Ullared","og_description":"Mitt i Ullareds k\u00f6pcentrum, vid ing\u00e5ngen till Gek\u00e5s ligger Rasta Ullared. P\u00e5 anl\u00e4ggningen finns en stor restaurang med uteservering.","og_url":"https:\/\/www.rasta.se\/ullared\/dagens-ratt\/","og_site_name":"Rasta Ullared","article_modified_time":"2025-04-24T09:08:47+00:00","twitter_card":"summary_large_image","schema":{"@context":"https:\/\/schema.org","@graph":[{"@type":"WebPage","@id":"https:\/\/www.rasta.se\/ullared\/dagens-ratt\/","url":"https:\/\/www.rasta.se\/ullared\/dagens-ratt\/","name":"Lunch vid Ullared- Rasta Ullared","isPartOf":{"@id":"https:\/\/www.rasta.se\/ullared\/#website"},"datePublished":"2022-10-26T09:20:30+00:00","dateModified":"2025-04-24T09:08:47+00:00","description":"Mitt i Ullareds k\u00f6pcentrum, vid ing\u00e5ngen till Gek\u00e5s ligger Rasta Ullared. P\u00e5 anl\u00e4ggningen finns en stor restaurang med uteservering.","breadcrumb":{"@id":"https:\/\/www.rasta.se\/ullared\/dagens-ratt\/#breadcrumb"},"inLanguage":"sv-SE","potentialAction":[{"@type":"ReadAction","target":["https:\/\/www.rasta.se\/ullared\/dagens-ratt\/"]}]},{"@type":"BreadcrumbList","@id":"https:\/\/www.rasta.se\/ullared\/dagens-ratt\/#breadcrumb","itemListElement":[{"@type":"ListItem","position":1,"name":"Hem","item":"https:\/\/www.rasta.se\/ullared\/"},{"@type":"ListItem","position":2,"name":"Dagens r\u00e4tt"}]},{"@type":"WebSite","@id":"https:\/\/www.rasta.se\/ullared\/#website","url":"https:\/\/www.rasta.se\/ullared\/","name":"Rasta Ullared","description":"Restaurang i Ullared","potentialAction":[{"@type":"SearchAction","target":{"@type":"EntryPoint","urlTemplate":"https:\/\/www.rasta.se\/ullared\/?s={search_term_string}"},"query-input":{"@type":"PropertyValueSpecification","valueRequired":true,"valueName":"search_term_string"}}],"inLanguage":"sv-SE"}]}},"_links":{"self":[{"href":"https:\/\/www.rasta.se\/ullared\/wp-json\/wp\/v2\/pages\/335","targetHints":{"allow":["GET"]}}],"collection":[{"href":"https:\/\/www.rasta.se\/ullared\/wp-json\/wp\/v2\/pages"}],"about":[{"href":"https:\/\/www.rasta.se\/ullared\/wp-json\/wp\/v2\/types\/page"}],"author":[{"embeddable":true,"href":"https:\/\/www.rasta.se\/ullared\/wp-json\/wp\/v2\/users\/1"}],"replies":[{"embeddable":true,"href":"https:\/\/www.rasta.se\/ullared\/wp-json\/wp\/v2\/comments?post=335"}],"version-history":[{"count":3,"href":"https:\/\/www.rasta.se\/ullared\/wp-json\/wp\/v2\/pages\/335\/revisions"}],"predecessor-version":[{"id":590,"href":"https:\/\/www.rasta.se\/ullared\/wp-json\/wp\/v2\/pages\/335\/revisions\/590"}],"wp:attachment":[{"href":"https:\/\/www.rasta.se\/ullared\/wp-json\/wp\/v2\/media?parent=335"}],"curies":[{"name":"wp","href":"https:\/\/api.w.org\/{rel}","templated":true}]}}