{"id":18,"date":"2016-02-25T14:24:45","date_gmt":"2016-02-25T13:24:45","guid":{"rendered":"http:\/\/www.rasta.se\/odeshog\/?page_id=18"},"modified":"2023-03-06T20:51:03","modified_gmt":"2023-03-06T19:51:03","slug":"kontakt","status":"publish","type":"page","link":"https:\/\/www.rasta.se\/odeshog\/kontakt\/","title":{"rendered":"Kontakt"},"content":{"rendered":"","protected":false},"excerpt":{"rendered":"","protected":false},"author":1,"featured_media":0,"parent":0,"menu_order":0,"comment_status":"closed","ping_status":"closed","template":"kontakt-page.php","meta":{"_acf_changed":false,"footnotes":""},"class_list":["post-18","page","type-page","status-publish","hentry"],"acf":[],"yoast_head":"<!-- This site is optimized with the Yoast SEO plugin v26.9 - https:\/\/yoast.com\/product\/yoast-seo-wordpress\/ -->\n<title>Kontakt - Rasta \u00d6desh\u00f6g<\/title>\n<meta name=\"robots\" content=\"index, follow, max-snippet:-1, max-image-preview:large, max-video-preview:-1\" \/>\n<link rel=\"canonical\" href=\"https:\/\/www.rasta.se\/odeshog\/kontakt\/\" \/>\n<meta property=\"og:locale\" content=\"sv_SE\" \/>\n<meta property=\"og:type\" content=\"article\" \/>\n<meta property=\"og:title\" content=\"Kontakt - Rasta \u00d6desh\u00f6g\" \/>\n<meta property=\"og:url\" content=\"https:\/\/www.rasta.se\/odeshog\/kontakt\/\" \/>\n<meta property=\"og:site_name\" content=\"Rasta \u00d6desh\u00f6g\" \/>\n<meta property=\"article:modified_time\" content=\"2023-03-06T19:51:03+00:00\" \/>\n<meta name=\"twitter:card\" content=\"summary_large_image\" \/>\n<script type=\"application\/ld+json\" class=\"yoast-schema-graph\">{\"@context\":\"https:\/\/schema.org\",\"@graph\":[{\"@type\":\"WebPage\",\"@id\":\"https:\/\/www.rasta.se\/odeshog\/kontakt\/\",\"url\":\"https:\/\/www.rasta.se\/odeshog\/kontakt\/\",\"name\":\"Kontakt - Rasta \u00d6desh\u00f6g\",\"isPartOf\":{\"@id\":\"https:\/\/www.rasta.se\/odeshog\/#website\"},\"datePublished\":\"2016-02-25T13:24:45+00:00\",\"dateModified\":\"2023-03-06T19:51:03+00:00\",\"breadcrumb\":{\"@id\":\"https:\/\/www.rasta.se\/odeshog\/kontakt\/#breadcrumb\"},\"inLanguage\":\"sv-SE\",\"potentialAction\":[{\"@type\":\"ReadAction\",\"target\":[\"https:\/\/www.rasta.se\/odeshog\/kontakt\/\"]}]},{\"@type\":\"BreadcrumbList\",\"@id\":\"https:\/\/www.rasta.se\/odeshog\/kontakt\/#breadcrumb\",\"itemListElement\":[{\"@type\":\"ListItem\",\"position\":1,\"name\":\"Hem\",\"item\":\"https:\/\/www.rasta.se\/odeshog\/\"},{\"@type\":\"ListItem\",\"position\":2,\"name\":\"Kontakt\"}]},{\"@type\":\"WebSite\",\"@id\":\"https:\/\/www.rasta.se\/odeshog\/#website\",\"url\":\"https:\/\/www.rasta.se\/odeshog\/\",\"name\":\"Rasta \u00d6desh\u00f6g\",\"description\":\"Restaurang och v\u00e4gkrog\",\"potentialAction\":[{\"@type\":\"SearchAction\",\"target\":{\"@type\":\"EntryPoint\",\"urlTemplate\":\"https:\/\/www.rasta.se\/odeshog\/?s={search_term_string}\"},\"query-input\":{\"@type\":\"PropertyValueSpecification\",\"valueRequired\":true,\"valueName\":\"search_term_string\"}}],\"inLanguage\":\"sv-SE\"}]}<\/script>\n<!-- \/ Yoast SEO plugin. -->","yoast_head_json":{"title":"Kontakt - Rasta \u00d6desh\u00f6g","robots":{"index":"index","follow":"follow","max-snippet":"max-snippet:-1","max-image-preview":"max-image-preview:large","max-video-preview":"max-video-preview:-1"},"canonical":"https:\/\/www.rasta.se\/odeshog\/kontakt\/","og_locale":"sv_SE","og_type":"article","og_title":"Kontakt - Rasta \u00d6desh\u00f6g","og_url":"https:\/\/www.rasta.se\/odeshog\/kontakt\/","og_site_name":"Rasta \u00d6desh\u00f6g","article_modified_time":"2023-03-06T19:51:03+00:00","twitter_card":"summary_large_image","schema":{"@context":"https:\/\/schema.org","@graph":[{"@type":"WebPage","@id":"https:\/\/www.rasta.se\/odeshog\/kontakt\/","url":"https:\/\/www.rasta.se\/odeshog\/kontakt\/","name":"Kontakt - Rasta \u00d6desh\u00f6g","isPartOf":{"@id":"https:\/\/www.rasta.se\/odeshog\/#website"},"datePublished":"2016-02-25T13:24:45+00:00","dateModified":"2023-03-06T19:51:03+00:00","breadcrumb":{"@id":"https:\/\/www.rasta.se\/odeshog\/kontakt\/#breadcrumb"},"inLanguage":"sv-SE","potentialAction":[{"@type":"ReadAction","target":["https:\/\/www.rasta.se\/odeshog\/kontakt\/"]}]},{"@type":"BreadcrumbList","@id":"https:\/\/www.rasta.se\/odeshog\/kontakt\/#breadcrumb","itemListElement":[{"@type":"ListItem","position":1,"name":"Hem","item":"https:\/\/www.rasta.se\/odeshog\/"},{"@type":"ListItem","position":2,"name":"Kontakt"}]},{"@type":"WebSite","@id":"https:\/\/www.rasta.se\/odeshog\/#website","url":"https:\/\/www.rasta.se\/odeshog\/","name":"Rasta \u00d6desh\u00f6g","description":"Restaurang och v\u00e4gkrog","potentialAction":[{"@type":"SearchAction","target":{"@type":"EntryPoint","urlTemplate":"https:\/\/www.rasta.se\/odeshog\/?s={search_term_string}"},"query-input":{"@type":"PropertyValueSpecification","valueRequired":true,"valueName":"search_term_string"}}],"inLanguage":"sv-SE"}]}},"_links":{"self":[{"href":"https:\/\/www.rasta.se\/odeshog\/wp-json\/wp\/v2\/pages\/18","targetHints":{"allow":["GET"]}}],"collection":[{"href":"https:\/\/www.rasta.se\/odeshog\/wp-json\/wp\/v2\/pages"}],"about":[{"href":"https:\/\/www.rasta.se\/odeshog\/wp-json\/wp\/v2\/types\/page"}],"author":[{"embeddable":true,"href":"https:\/\/www.rasta.se\/odeshog\/wp-json\/wp\/v2\/users\/1"}],"replies":[{"embeddable":true,"href":"https:\/\/www.rasta.se\/odeshog\/wp-json\/wp\/v2\/comments?post=18"}],"version-history":[{"count":53,"href":"https:\/\/www.rasta.se\/odeshog\/wp-json\/wp\/v2\/pages\/18\/revisions"}],"predecessor-version":[{"id":1063,"href":"https:\/\/www.rasta.se\/odeshog\/wp-json\/wp\/v2\/pages\/18\/revisions\/1063"}],"wp:attachment":[{"href":"https:\/\/www.rasta.se\/odeshog\/wp-json\/wp\/v2\/media?parent=18"}],"curies":[{"name":"wp","href":"https:\/\/api.w.org\/{rel}","templated":true}]}}