{"id":135,"date":"2016-03-07T16:21:36","date_gmt":"2016-03-07T15:21:36","guid":{"rendered":"http:\/\/www.rasta.se\/mariestad\/?page_id=135"},"modified":"2024-10-07T13:19:23","modified_gmt":"2024-10-07T11:19:23","slug":"allting-gott","status":"publish","type":"page","link":"https:\/\/www.rasta.se\/mariestad\/allting-gott\/","title":{"rendered":"Allting gott"},"content":{"rendered":"","protected":false},"excerpt":{"rendered":"","protected":false},"author":1,"featured_media":0,"parent":0,"menu_order":0,"comment_status":"closed","ping_status":"closed","template":"halvsida-page.php","meta":{"_acf_changed":false,"footnotes":""},"class_list":["post-135","page","type-page","status-publish","hentry"],"acf":[],"yoast_head":"<!-- This site is optimized with the Yoast SEO plugin v26.9 - https:\/\/yoast.com\/product\/yoast-seo-wordpress\/ -->\n<title>Allting gott - Rasta Mariestad<\/title>\n<meta name=\"description\" content=\"H\u00e4r finns \u00f6ver 300 sorters plockgodis att v\u00e4lja mellan.\" \/>\n<meta name=\"robots\" content=\"index, follow, max-snippet:-1, max-image-preview:large, max-video-preview:-1\" \/>\n<link rel=\"canonical\" href=\"https:\/\/www.rasta.se\/mariestad\/allting-gott\/\" \/>\n<meta property=\"og:locale\" content=\"sv_SE\" \/>\n<meta property=\"og:type\" content=\"article\" \/>\n<meta property=\"og:title\" content=\"Allting gott - Rasta Mariestad\" \/>\n<meta property=\"og:description\" content=\"H\u00e4r finns \u00f6ver 300 sorters plockgodis att v\u00e4lja mellan.\" \/>\n<meta property=\"og:url\" content=\"https:\/\/www.rasta.se\/mariestad\/allting-gott\/\" \/>\n<meta property=\"og:site_name\" content=\"Rasta Mariestad\" \/>\n<meta property=\"article:modified_time\" content=\"2024-10-07T11:19:23+00:00\" \/>\n<meta name=\"twitter:card\" content=\"summary_large_image\" \/>\n<script type=\"application\/ld+json\" class=\"yoast-schema-graph\">{\"@context\":\"https:\/\/schema.org\",\"@graph\":[{\"@type\":\"WebPage\",\"@id\":\"https:\/\/www.rasta.se\/mariestad\/allting-gott\/\",\"url\":\"https:\/\/www.rasta.se\/mariestad\/allting-gott\/\",\"name\":\"Allting gott - Rasta Mariestad\",\"isPartOf\":{\"@id\":\"https:\/\/www.rasta.se\/mariestad\/#website\"},\"datePublished\":\"2016-03-07T15:21:36+00:00\",\"dateModified\":\"2024-10-07T11:19:23+00:00\",\"description\":\"H\u00e4r finns \u00f6ver 300 sorters plockgodis att v\u00e4lja mellan.\",\"breadcrumb\":{\"@id\":\"https:\/\/www.rasta.se\/mariestad\/allting-gott\/#breadcrumb\"},\"inLanguage\":\"sv-SE\",\"potentialAction\":[{\"@type\":\"ReadAction\",\"target\":[\"https:\/\/www.rasta.se\/mariestad\/allting-gott\/\"]}]},{\"@type\":\"BreadcrumbList\",\"@id\":\"https:\/\/www.rasta.se\/mariestad\/allting-gott\/#breadcrumb\",\"itemListElement\":[{\"@type\":\"ListItem\",\"position\":1,\"name\":\"Hem\",\"item\":\"https:\/\/www.rasta.se\/mariestad\/\"},{\"@type\":\"ListItem\",\"position\":2,\"name\":\"Allting gott\"}]},{\"@type\":\"WebSite\",\"@id\":\"https:\/\/www.rasta.se\/mariestad\/#website\",\"url\":\"https:\/\/www.rasta.se\/mariestad\/\",\"name\":\"Rasta Mariestad\",\"description\":\"Restaurang, v\u00e4gkrog &amp; hotell\",\"potentialAction\":[{\"@type\":\"SearchAction\",\"target\":{\"@type\":\"EntryPoint\",\"urlTemplate\":\"https:\/\/www.rasta.se\/mariestad\/?s={search_term_string}\"},\"query-input\":{\"@type\":\"PropertyValueSpecification\",\"valueRequired\":true,\"valueName\":\"search_term_string\"}}],\"inLanguage\":\"sv-SE\"}]}<\/script>\n<!-- \/ Yoast SEO plugin. -->","yoast_head_json":{"title":"Allting gott - Rasta Mariestad","description":"H\u00e4r finns \u00f6ver 300 sorters plockgodis att v\u00e4lja mellan.","robots":{"index":"index","follow":"follow","max-snippet":"max-snippet:-1","max-image-preview":"max-image-preview:large","max-video-preview":"max-video-preview:-1"},"canonical":"https:\/\/www.rasta.se\/mariestad\/allting-gott\/","og_locale":"sv_SE","og_type":"article","og_title":"Allting gott - Rasta Mariestad","og_description":"H\u00e4r finns \u00f6ver 300 sorters plockgodis att v\u00e4lja mellan.","og_url":"https:\/\/www.rasta.se\/mariestad\/allting-gott\/","og_site_name":"Rasta Mariestad","article_modified_time":"2024-10-07T11:19:23+00:00","twitter_card":"summary_large_image","schema":{"@context":"https:\/\/schema.org","@graph":[{"@type":"WebPage","@id":"https:\/\/www.rasta.se\/mariestad\/allting-gott\/","url":"https:\/\/www.rasta.se\/mariestad\/allting-gott\/","name":"Allting gott - Rasta Mariestad","isPartOf":{"@id":"https:\/\/www.rasta.se\/mariestad\/#website"},"datePublished":"2016-03-07T15:21:36+00:00","dateModified":"2024-10-07T11:19:23+00:00","description":"H\u00e4r finns \u00f6ver 300 sorters plockgodis att v\u00e4lja mellan.","breadcrumb":{"@id":"https:\/\/www.rasta.se\/mariestad\/allting-gott\/#breadcrumb"},"inLanguage":"sv-SE","potentialAction":[{"@type":"ReadAction","target":["https:\/\/www.rasta.se\/mariestad\/allting-gott\/"]}]},{"@type":"BreadcrumbList","@id":"https:\/\/www.rasta.se\/mariestad\/allting-gott\/#breadcrumb","itemListElement":[{"@type":"ListItem","position":1,"name":"Hem","item":"https:\/\/www.rasta.se\/mariestad\/"},{"@type":"ListItem","position":2,"name":"Allting gott"}]},{"@type":"WebSite","@id":"https:\/\/www.rasta.se\/mariestad\/#website","url":"https:\/\/www.rasta.se\/mariestad\/","name":"Rasta Mariestad","description":"Restaurang, v\u00e4gkrog &amp; hotell","potentialAction":[{"@type":"SearchAction","target":{"@type":"EntryPoint","urlTemplate":"https:\/\/www.rasta.se\/mariestad\/?s={search_term_string}"},"query-input":{"@type":"PropertyValueSpecification","valueRequired":true,"valueName":"search_term_string"}}],"inLanguage":"sv-SE"}]}},"_links":{"self":[{"href":"https:\/\/www.rasta.se\/mariestad\/wp-json\/wp\/v2\/pages\/135","targetHints":{"allow":["GET"]}}],"collection":[{"href":"https:\/\/www.rasta.se\/mariestad\/wp-json\/wp\/v2\/pages"}],"about":[{"href":"https:\/\/www.rasta.se\/mariestad\/wp-json\/wp\/v2\/types\/page"}],"author":[{"embeddable":true,"href":"https:\/\/www.rasta.se\/mariestad\/wp-json\/wp\/v2\/users\/1"}],"replies":[{"embeddable":true,"href":"https:\/\/www.rasta.se\/mariestad\/wp-json\/wp\/v2\/comments?post=135"}],"version-history":[{"count":24,"href":"https:\/\/www.rasta.se\/mariestad\/wp-json\/wp\/v2\/pages\/135\/revisions"}],"predecessor-version":[{"id":1527,"href":"https:\/\/www.rasta.se\/mariestad\/wp-json\/wp\/v2\/pages\/135\/revisions\/1527"}],"wp:attachment":[{"href":"https:\/\/www.rasta.se\/mariestad\/wp-json\/wp\/v2\/media?parent=135"}],"curies":[{"name":"wp","href":"https:\/\/api.w.org\/{rel}","templated":true}]}}