{"id":105,"date":"2015-10-07T12:08:51","date_gmt":"2015-10-07T10:08:51","guid":{"rendered":"http:\/\/rasta.se\/mariestad\/?page_id=105"},"modified":"2025-10-14T12:31:04","modified_gmt":"2025-10-14T10:31:04","slug":"dagens-ratt","status":"publish","type":"page","link":"https:\/\/www.rasta.se\/mariestad\/dagens-ratt\/","title":{"rendered":"Dagens r\u00e4tt \/ Veckans lunch"},"content":{"rendered":"","protected":false},"excerpt":{"rendered":"","protected":false},"author":1,"featured_media":0,"parent":0,"menu_order":0,"comment_status":"open","ping_status":"open","template":"dagens-page.php","meta":{"_acf_changed":false,"footnotes":""},"class_list":["post-105","page","type-page","status-publish","hentry"],"acf":[],"yoast_head":"<!-- This site is optimized with the Yoast SEO plugin v26.9 - https:\/\/yoast.com\/product\/yoast-seo-wordpress\/ -->\n<title>Lunch med dagens r\u00e4tt - Rasta Mariestad<\/title>\n<meta name=\"description\" content=\"H\u00e4r serverar vi Dagens R\u00e4tt och ett vegetariskt alternativ varje dag. Naturligtvis erbjuder vi sallad, nybakat br\u00f6d, dryck och kaffe till denna. Klassikerna k\u00f6ttbullar, pannbiff och raggmunk finns p\u00e5 den \u00f6vriga menyn.\" \/>\n<meta name=\"robots\" content=\"index, follow, max-snippet:-1, max-image-preview:large, max-video-preview:-1\" \/>\n<link rel=\"canonical\" href=\"https:\/\/www.rasta.se\/mariestad\/dagens-ratt\/\" \/>\n<meta property=\"og:locale\" content=\"sv_SE\" \/>\n<meta property=\"og:type\" content=\"article\" \/>\n<meta property=\"og:title\" content=\"Lunch med dagens r\u00e4tt - Rasta Mariestad\" \/>\n<meta property=\"og:description\" content=\"H\u00e4r serverar vi Dagens R\u00e4tt och ett vegetariskt alternativ varje dag. Naturligtvis erbjuder vi sallad, nybakat br\u00f6d, dryck och kaffe till denna. Klassikerna k\u00f6ttbullar, pannbiff och raggmunk finns p\u00e5 den \u00f6vriga menyn.\" \/>\n<meta property=\"og:url\" content=\"https:\/\/www.rasta.se\/mariestad\/dagens-ratt\/\" \/>\n<meta property=\"og:site_name\" content=\"Rasta Mariestad\" \/>\n<meta property=\"article:modified_time\" content=\"2025-10-14T10:31:04+00:00\" \/>\n<meta name=\"twitter:card\" content=\"summary_large_image\" \/>\n<script type=\"application\/ld+json\" class=\"yoast-schema-graph\">{\"@context\":\"https:\/\/schema.org\",\"@graph\":[{\"@type\":\"WebPage\",\"@id\":\"https:\/\/www.rasta.se\/mariestad\/dagens-ratt\/\",\"url\":\"https:\/\/www.rasta.se\/mariestad\/dagens-ratt\/\",\"name\":\"Lunch med dagens r\u00e4tt - Rasta Mariestad\",\"isPartOf\":{\"@id\":\"https:\/\/www.rasta.se\/mariestad\/#website\"},\"datePublished\":\"2015-10-07T10:08:51+00:00\",\"dateModified\":\"2025-10-14T10:31:04+00:00\",\"description\":\"H\u00e4r serverar vi Dagens R\u00e4tt och ett vegetariskt alternativ varje dag. Naturligtvis erbjuder vi sallad, nybakat br\u00f6d, dryck och kaffe till denna. Klassikerna k\u00f6ttbullar, pannbiff och raggmunk finns p\u00e5 den \u00f6vriga menyn.\",\"breadcrumb\":{\"@id\":\"https:\/\/www.rasta.se\/mariestad\/dagens-ratt\/#breadcrumb\"},\"inLanguage\":\"sv-SE\",\"potentialAction\":[{\"@type\":\"ReadAction\",\"target\":[\"https:\/\/www.rasta.se\/mariestad\/dagens-ratt\/\"]}]},{\"@type\":\"BreadcrumbList\",\"@id\":\"https:\/\/www.rasta.se\/mariestad\/dagens-ratt\/#breadcrumb\",\"itemListElement\":[{\"@type\":\"ListItem\",\"position\":1,\"name\":\"Hem\",\"item\":\"https:\/\/www.rasta.se\/mariestad\/\"},{\"@type\":\"ListItem\",\"position\":2,\"name\":\"Dagens r\u00e4tt \/ Veckans lunch\"}]},{\"@type\":\"WebSite\",\"@id\":\"https:\/\/www.rasta.se\/mariestad\/#website\",\"url\":\"https:\/\/www.rasta.se\/mariestad\/\",\"name\":\"Rasta Mariestad\",\"description\":\"Restaurang, v\u00e4gkrog &amp; hotell\",\"potentialAction\":[{\"@type\":\"SearchAction\",\"target\":{\"@type\":\"EntryPoint\",\"urlTemplate\":\"https:\/\/www.rasta.se\/mariestad\/?s={search_term_string}\"},\"query-input\":{\"@type\":\"PropertyValueSpecification\",\"valueRequired\":true,\"valueName\":\"search_term_string\"}}],\"inLanguage\":\"sv-SE\"}]}<\/script>\n<!-- \/ Yoast SEO plugin. -->","yoast_head_json":{"title":"Lunch med dagens r\u00e4tt - Rasta Mariestad","description":"H\u00e4r serverar vi Dagens R\u00e4tt och ett vegetariskt alternativ varje dag. Naturligtvis erbjuder vi sallad, nybakat br\u00f6d, dryck och kaffe till denna. Klassikerna k\u00f6ttbullar, pannbiff och raggmunk finns p\u00e5 den \u00f6vriga menyn.","robots":{"index":"index","follow":"follow","max-snippet":"max-snippet:-1","max-image-preview":"max-image-preview:large","max-video-preview":"max-video-preview:-1"},"canonical":"https:\/\/www.rasta.se\/mariestad\/dagens-ratt\/","og_locale":"sv_SE","og_type":"article","og_title":"Lunch med dagens r\u00e4tt - Rasta Mariestad","og_description":"H\u00e4r serverar vi Dagens R\u00e4tt och ett vegetariskt alternativ varje dag. Naturligtvis erbjuder vi sallad, nybakat br\u00f6d, dryck och kaffe till denna. Klassikerna k\u00f6ttbullar, pannbiff och raggmunk finns p\u00e5 den \u00f6vriga menyn.","og_url":"https:\/\/www.rasta.se\/mariestad\/dagens-ratt\/","og_site_name":"Rasta Mariestad","article_modified_time":"2025-10-14T10:31:04+00:00","twitter_card":"summary_large_image","schema":{"@context":"https:\/\/schema.org","@graph":[{"@type":"WebPage","@id":"https:\/\/www.rasta.se\/mariestad\/dagens-ratt\/","url":"https:\/\/www.rasta.se\/mariestad\/dagens-ratt\/","name":"Lunch med dagens r\u00e4tt - Rasta Mariestad","isPartOf":{"@id":"https:\/\/www.rasta.se\/mariestad\/#website"},"datePublished":"2015-10-07T10:08:51+00:00","dateModified":"2025-10-14T10:31:04+00:00","description":"H\u00e4r serverar vi Dagens R\u00e4tt och ett vegetariskt alternativ varje dag. Naturligtvis erbjuder vi sallad, nybakat br\u00f6d, dryck och kaffe till denna. Klassikerna k\u00f6ttbullar, pannbiff och raggmunk finns p\u00e5 den \u00f6vriga menyn.","breadcrumb":{"@id":"https:\/\/www.rasta.se\/mariestad\/dagens-ratt\/#breadcrumb"},"inLanguage":"sv-SE","potentialAction":[{"@type":"ReadAction","target":["https:\/\/www.rasta.se\/mariestad\/dagens-ratt\/"]}]},{"@type":"BreadcrumbList","@id":"https:\/\/www.rasta.se\/mariestad\/dagens-ratt\/#breadcrumb","itemListElement":[{"@type":"ListItem","position":1,"name":"Hem","item":"https:\/\/www.rasta.se\/mariestad\/"},{"@type":"ListItem","position":2,"name":"Dagens r\u00e4tt \/ Veckans lunch"}]},{"@type":"WebSite","@id":"https:\/\/www.rasta.se\/mariestad\/#website","url":"https:\/\/www.rasta.se\/mariestad\/","name":"Rasta Mariestad","description":"Restaurang, v\u00e4gkrog &amp; hotell","potentialAction":[{"@type":"SearchAction","target":{"@type":"EntryPoint","urlTemplate":"https:\/\/www.rasta.se\/mariestad\/?s={search_term_string}"},"query-input":{"@type":"PropertyValueSpecification","valueRequired":true,"valueName":"search_term_string"}}],"inLanguage":"sv-SE"}]}},"_links":{"self":[{"href":"https:\/\/www.rasta.se\/mariestad\/wp-json\/wp\/v2\/pages\/105","targetHints":{"allow":["GET"]}}],"collection":[{"href":"https:\/\/www.rasta.se\/mariestad\/wp-json\/wp\/v2\/pages"}],"about":[{"href":"https:\/\/www.rasta.se\/mariestad\/wp-json\/wp\/v2\/types\/page"}],"author":[{"embeddable":true,"href":"https:\/\/www.rasta.se\/mariestad\/wp-json\/wp\/v2\/users\/1"}],"replies":[{"embeddable":true,"href":"https:\/\/www.rasta.se\/mariestad\/wp-json\/wp\/v2\/comments?post=105"}],"version-history":[{"count":23,"href":"https:\/\/www.rasta.se\/mariestad\/wp-json\/wp\/v2\/pages\/105\/revisions"}],"predecessor-version":[{"id":2011,"href":"https:\/\/www.rasta.se\/mariestad\/wp-json\/wp\/v2\/pages\/105\/revisions\/2011"}],"wp:attachment":[{"href":"https:\/\/www.rasta.se\/mariestad\/wp-json\/wp\/v2\/media?parent=105"}],"curies":[{"name":"wp","href":"https:\/\/api.w.org\/{rel}","templated":true}]}}