{"id":679,"date":"2016-02-09T15:53:28","date_gmt":"2016-02-09T14:53:28","guid":{"rendered":"http:\/\/www.rasta.se\/our-food\/frukost\/?lang=en"},"modified":"2023-03-11T13:55:03","modified_gmt":"2023-03-11T12:55:03","slug":"breakfast","status":"publish","type":"page","link":"https:\/\/www.rasta.se\/en\/our-food\/breakfast\/","title":{"rendered":"Breakfast"},"content":{"rendered":"","protected":false},"excerpt":{"rendered":"","protected":false},"author":1,"featured_media":0,"parent":669,"menu_order":0,"comment_status":"closed","ping_status":"closed","template":"halvsida-page.php","meta":{"_acf_changed":false,"footnotes":""},"class_list":["post-679","page","type-page","status-publish","hentry"],"acf":{"dont_show_sub_pages":false,"page_builder":null},"yoast_head":"<!-- This site is optimized with the Yoast SEO plugin v26.9 - https:\/\/yoast.com\/product\/yoast-seo-wordpress\/ -->\n<title>Breakfast - Rasta<\/title>\n<meta name=\"robots\" content=\"index, follow, max-snippet:-1, max-image-preview:large, max-video-preview:-1\" \/>\n<link rel=\"canonical\" href=\"https:\/\/www.rasta.se\/mat\/frukost\/\" \/>\n<meta property=\"og:locale\" content=\"en_US\" \/>\n<meta property=\"og:type\" content=\"article\" \/>\n<meta property=\"og:title\" content=\"Breakfast - Rasta\" \/>\n<meta property=\"og:url\" content=\"https:\/\/www.rasta.se\/mat\/frukost\/\" \/>\n<meta property=\"og:site_name\" content=\"Rasta\" \/>\n<meta property=\"article:modified_time\" content=\"2023-03-11T12:55:03+00:00\" \/>\n<meta name=\"twitter:card\" content=\"summary_large_image\" \/>\n<script type=\"application\/ld+json\" class=\"yoast-schema-graph\">{\"@context\":\"https:\/\/schema.org\",\"@graph\":[{\"@type\":\"WebPage\",\"@id\":\"https:\/\/www.rasta.se\/mat\/frukost\/\",\"url\":\"https:\/\/www.rasta.se\/mat\/frukost\/\",\"name\":\"Breakfast - Rasta\",\"isPartOf\":{\"@id\":\"https:\/\/www.rasta.se\/#website\"},\"datePublished\":\"2016-02-09T14:53:28+00:00\",\"dateModified\":\"2023-03-11T12:55:03+00:00\",\"breadcrumb\":{\"@id\":\"https:\/\/www.rasta.se\/mat\/frukost\/#breadcrumb\"},\"inLanguage\":\"en-US\",\"potentialAction\":[{\"@type\":\"ReadAction\",\"target\":[\"https:\/\/www.rasta.se\/mat\/frukost\/\"]}]},{\"@type\":\"BreadcrumbList\",\"@id\":\"https:\/\/www.rasta.se\/mat\/frukost\/#breadcrumb\",\"itemListElement\":[{\"@type\":\"ListItem\",\"position\":1,\"name\":\"Hem\",\"item\":\"https:\/\/www.rasta.se\/\"},{\"@type\":\"ListItem\",\"position\":2,\"name\":\"Our food\",\"item\":\"https:\/\/www.rasta.se\/en\/our-food\/\"},{\"@type\":\"ListItem\",\"position\":3,\"name\":\"Breakfast\"}]},{\"@type\":\"WebSite\",\"@id\":\"https:\/\/www.rasta.se\/#website\",\"url\":\"https:\/\/www.rasta.se\/\",\"name\":\"Rasta\",\"description\":\"Rastplatser och v\u00e4gkrogar l\u00e4ngst v\u00e5ra svenska v\u00e4gar.\",\"potentialAction\":[{\"@type\":\"SearchAction\",\"target\":{\"@type\":\"EntryPoint\",\"urlTemplate\":\"https:\/\/www.rasta.se\/?s={search_term_string}\"},\"query-input\":{\"@type\":\"PropertyValueSpecification\",\"valueRequired\":true,\"valueName\":\"search_term_string\"}}],\"inLanguage\":\"en-US\"}]}<\/script>\n<!-- \/ Yoast SEO plugin. -->","yoast_head_json":{"title":"Breakfast - Rasta","robots":{"index":"index","follow":"follow","max-snippet":"max-snippet:-1","max-image-preview":"max-image-preview:large","max-video-preview":"max-video-preview:-1"},"canonical":"https:\/\/www.rasta.se\/mat\/frukost\/","og_locale":"en_US","og_type":"article","og_title":"Breakfast - Rasta","og_url":"https:\/\/www.rasta.se\/mat\/frukost\/","og_site_name":"Rasta","article_modified_time":"2023-03-11T12:55:03+00:00","twitter_card":"summary_large_image","schema":{"@context":"https:\/\/schema.org","@graph":[{"@type":"WebPage","@id":"https:\/\/www.rasta.se\/mat\/frukost\/","url":"https:\/\/www.rasta.se\/mat\/frukost\/","name":"Breakfast - Rasta","isPartOf":{"@id":"https:\/\/www.rasta.se\/#website"},"datePublished":"2016-02-09T14:53:28+00:00","dateModified":"2023-03-11T12:55:03+00:00","breadcrumb":{"@id":"https:\/\/www.rasta.se\/mat\/frukost\/#breadcrumb"},"inLanguage":"en-US","potentialAction":[{"@type":"ReadAction","target":["https:\/\/www.rasta.se\/mat\/frukost\/"]}]},{"@type":"BreadcrumbList","@id":"https:\/\/www.rasta.se\/mat\/frukost\/#breadcrumb","itemListElement":[{"@type":"ListItem","position":1,"name":"Hem","item":"https:\/\/www.rasta.se\/"},{"@type":"ListItem","position":2,"name":"Our food","item":"https:\/\/www.rasta.se\/en\/our-food\/"},{"@type":"ListItem","position":3,"name":"Breakfast"}]},{"@type":"WebSite","@id":"https:\/\/www.rasta.se\/#website","url":"https:\/\/www.rasta.se\/","name":"Rasta","description":"Rastplatser och v\u00e4gkrogar l\u00e4ngst v\u00e5ra svenska v\u00e4gar.","potentialAction":[{"@type":"SearchAction","target":{"@type":"EntryPoint","urlTemplate":"https:\/\/www.rasta.se\/?s={search_term_string}"},"query-input":{"@type":"PropertyValueSpecification","valueRequired":true,"valueName":"search_term_string"}}],"inLanguage":"en-US"}]}},"_links":{"self":[{"href":"https:\/\/www.rasta.se\/en\/wp-json\/wp\/v2\/pages\/679","targetHints":{"allow":["GET"]}}],"collection":[{"href":"https:\/\/www.rasta.se\/en\/wp-json\/wp\/v2\/pages"}],"about":[{"href":"https:\/\/www.rasta.se\/en\/wp-json\/wp\/v2\/types\/page"}],"author":[{"embeddable":true,"href":"https:\/\/www.rasta.se\/en\/wp-json\/wp\/v2\/users\/1"}],"replies":[{"embeddable":true,"href":"https:\/\/www.rasta.se\/en\/wp-json\/wp\/v2\/comments?post=679"}],"version-history":[{"count":4,"href":"https:\/\/www.rasta.se\/en\/wp-json\/wp\/v2\/pages\/679\/revisions"}],"predecessor-version":[{"id":2491,"href":"https:\/\/www.rasta.se\/en\/wp-json\/wp\/v2\/pages\/679\/revisions\/2491"}],"up":[{"embeddable":true,"href":"https:\/\/www.rasta.se\/en\/wp-json\/wp\/v2\/pages\/669"}],"wp:attachment":[{"href":"https:\/\/www.rasta.se\/en\/wp-json\/wp\/v2\/media?parent=679"}],"curies":[{"name":"wp","href":"https:\/\/api.w.org\/{rel}","templated":true}]}}