{"id":660,"date":"2015-08-04T14:39:11","date_gmt":"2015-08-04T12:39:11","guid":{"rendered":"http:\/\/www.rasta.se\/hotell\/?lang=en"},"modified":"2025-07-07T09:44:51","modified_gmt":"2025-07-07T07:44:51","slug":"hotel","status":"publish","type":"page","link":"https:\/\/www.rasta.se\/en\/hotel\/","title":{"rendered":"Hotel"},"content":{"rendered":"","protected":false},"excerpt":{"rendered":"","protected":false},"author":1,"featured_media":0,"parent":0,"menu_order":0,"comment_status":"open","ping_status":"open","template":"hotell-page.php","meta":{"_acf_changed":false,"footnotes":""},"class_list":["post-660","page","type-page","status-publish","hentry"],"acf":[],"yoast_head":"<!-- This site is optimized with the Yoast SEO plugin v26.9 - https:\/\/yoast.com\/product\/yoast-seo-wordpress\/ -->\n<title>Hotel - Rasta<\/title>\n<meta name=\"robots\" content=\"index, follow, max-snippet:-1, max-image-preview:large, max-video-preview:-1\" \/>\n<link rel=\"canonical\" href=\"https:\/\/www.rasta.se\/en\/hotel\/\" \/>\n<meta property=\"og:locale\" content=\"en_US\" \/>\n<meta property=\"og:type\" content=\"article\" \/>\n<meta property=\"og:title\" content=\"Hotel - Rasta\" \/>\n<meta property=\"og:url\" content=\"https:\/\/www.rasta.se\/en\/hotel\/\" \/>\n<meta property=\"og:site_name\" content=\"Rasta\" \/>\n<meta property=\"article:modified_time\" content=\"2025-07-07T07:44:51+00:00\" \/>\n<meta name=\"twitter:card\" content=\"summary_large_image\" \/>\n<script type=\"application\/ld+json\" class=\"yoast-schema-graph\">{\"@context\":\"https:\/\/schema.org\",\"@graph\":[{\"@type\":\"WebPage\",\"@id\":\"https:\/\/www.rasta.se\/en\/hotel\/\",\"url\":\"https:\/\/www.rasta.se\/en\/hotel\/\",\"name\":\"Hotel - Rasta\",\"isPartOf\":{\"@id\":\"https:\/\/www.rasta.se\/#website\"},\"datePublished\":\"2015-08-04T12:39:11+00:00\",\"dateModified\":\"2025-07-07T07:44:51+00:00\",\"breadcrumb\":{\"@id\":\"https:\/\/www.rasta.se\/en\/hotel\/#breadcrumb\"},\"inLanguage\":\"en-US\",\"potentialAction\":[{\"@type\":\"ReadAction\",\"target\":[\"https:\/\/www.rasta.se\/en\/hotel\/\"]}]},{\"@type\":\"BreadcrumbList\",\"@id\":\"https:\/\/www.rasta.se\/en\/hotel\/#breadcrumb\",\"itemListElement\":[{\"@type\":\"ListItem\",\"position\":1,\"name\":\"Hem\",\"item\":\"https:\/\/www.rasta.se\/\"},{\"@type\":\"ListItem\",\"position\":2,\"name\":\"Hotel\"}]},{\"@type\":\"WebSite\",\"@id\":\"https:\/\/www.rasta.se\/#website\",\"url\":\"https:\/\/www.rasta.se\/\",\"name\":\"Rasta\",\"description\":\"Rastplatser och v\u00e4gkrogar l\u00e4ngst v\u00e5ra svenska v\u00e4gar.\",\"potentialAction\":[{\"@type\":\"SearchAction\",\"target\":{\"@type\":\"EntryPoint\",\"urlTemplate\":\"https:\/\/www.rasta.se\/?s={search_term_string}\"},\"query-input\":{\"@type\":\"PropertyValueSpecification\",\"valueRequired\":true,\"valueName\":\"search_term_string\"}}],\"inLanguage\":\"en-US\"}]}<\/script>\n<!-- \/ Yoast SEO plugin. -->","yoast_head_json":{"title":"Hotel - Rasta","robots":{"index":"index","follow":"follow","max-snippet":"max-snippet:-1","max-image-preview":"max-image-preview:large","max-video-preview":"max-video-preview:-1"},"canonical":"https:\/\/www.rasta.se\/en\/hotel\/","og_locale":"en_US","og_type":"article","og_title":"Hotel - Rasta","og_url":"https:\/\/www.rasta.se\/en\/hotel\/","og_site_name":"Rasta","article_modified_time":"2025-07-07T07:44:51+00:00","twitter_card":"summary_large_image","schema":{"@context":"https:\/\/schema.org","@graph":[{"@type":"WebPage","@id":"https:\/\/www.rasta.se\/en\/hotel\/","url":"https:\/\/www.rasta.se\/en\/hotel\/","name":"Hotel - Rasta","isPartOf":{"@id":"https:\/\/www.rasta.se\/#website"},"datePublished":"2015-08-04T12:39:11+00:00","dateModified":"2025-07-07T07:44:51+00:00","breadcrumb":{"@id":"https:\/\/www.rasta.se\/en\/hotel\/#breadcrumb"},"inLanguage":"en-US","potentialAction":[{"@type":"ReadAction","target":["https:\/\/www.rasta.se\/en\/hotel\/"]}]},{"@type":"BreadcrumbList","@id":"https:\/\/www.rasta.se\/en\/hotel\/#breadcrumb","itemListElement":[{"@type":"ListItem","position":1,"name":"Hem","item":"https:\/\/www.rasta.se\/"},{"@type":"ListItem","position":2,"name":"Hotel"}]},{"@type":"WebSite","@id":"https:\/\/www.rasta.se\/#website","url":"https:\/\/www.rasta.se\/","name":"Rasta","description":"Rastplatser och v\u00e4gkrogar l\u00e4ngst v\u00e5ra svenska v\u00e4gar.","potentialAction":[{"@type":"SearchAction","target":{"@type":"EntryPoint","urlTemplate":"https:\/\/www.rasta.se\/?s={search_term_string}"},"query-input":{"@type":"PropertyValueSpecification","valueRequired":true,"valueName":"search_term_string"}}],"inLanguage":"en-US"}]}},"_links":{"self":[{"href":"https:\/\/www.rasta.se\/en\/wp-json\/wp\/v2\/pages\/660","targetHints":{"allow":["GET"]}}],"collection":[{"href":"https:\/\/www.rasta.se\/en\/wp-json\/wp\/v2\/pages"}],"about":[{"href":"https:\/\/www.rasta.se\/en\/wp-json\/wp\/v2\/types\/page"}],"author":[{"embeddable":true,"href":"https:\/\/www.rasta.se\/en\/wp-json\/wp\/v2\/users\/1"}],"replies":[{"embeddable":true,"href":"https:\/\/www.rasta.se\/en\/wp-json\/wp\/v2\/comments?post=660"}],"version-history":[{"count":51,"href":"https:\/\/www.rasta.se\/en\/wp-json\/wp\/v2\/pages\/660\/revisions"}],"predecessor-version":[{"id":3575,"href":"https:\/\/www.rasta.se\/en\/wp-json\/wp\/v2\/pages\/660\/revisions\/3575"}],"wp:attachment":[{"href":"https:\/\/www.rasta.se\/en\/wp-json\/wp\/v2\/media?parent=660"}],"curies":[{"name":"wp","href":"https:\/\/api.w.org\/{rel}","templated":true}]}}